{"id":88,"date":"2021-03-13T17:50:52","date_gmt":"2021-03-13T17:50:52","guid":{"rendered":"http:\/\/www.firemniodpady.cz\/?page_id=88"},"modified":"2024-11-02T16:48:34","modified_gmt":"2024-11-02T16:48:34","slug":"evidence-odpadu","status":"publish","type":"page","link":"https:\/\/www.firemniodpady.cz\/index.php\/evidence-odpadu\/","title":{"rendered":"Evidence odpad\u016f"},"content":{"rendered":"\n<p><strong>Evidence odpad\u016f je z\u00e1kladn\u00ed povinnost\u00ed ka\u017ed\u00e9ho p\u016fvodce odpad\u016f. P\u0159esto se v praxi setk\u00e1v\u00e1me s t\u00edm, \u017ee mnoho podnikatel\u016f a firem tuto povinnost podce\u0148uje \u2013 a pr\u00e1v\u011b evidence b\u00fdv\u00e1 p\u0159i kontrol\u00e1ch prvn\u00edm po\u017eadavkem k dolo\u017een\u00ed.<\/strong><\/p>\n\n\n\n<p class=\"has-white-color has-luminous-vivid-amber-background-color has-text-color has-background has-medium-font-size\">Pot\u0159ebujete pomoci? napi\u0161te n\u00e1m nez\u00e1vazn\u00fd dotaz! na <strong>vyridime@firemniodpady.cz<\/strong> nebo <strong>774 632 003<\/strong><\/p>\n\n\n\n<p>Jak na spr\u00e1vnou evidenci odpad\u016f? Nesta\u010d\u00ed jen vytvo\u0159it tabulku a zaznamen\u00e1vat vznik a p\u0159ed\u00e1n\u00ed odpad\u016f. Spr\u00e1vn\u00fd postup zahrnuje:<\/p>\n\n\n\n<ul class=\"wp-block-list\">\n<li>Identifikaci opr\u00e1vn\u011bn\u00e9 osoby pro p\u0159ed\u00e1n\u00ed odpadu,<\/li>\n\n\n\n<li>Pou\u017eit\u00ed spr\u00e1vn\u00fdch identifika\u010dn\u00edch \u010d\u00edsel (I\u010cP, I\u010cZ),<\/li>\n\n\n\n<li>K\u00f3dov\u00e1n\u00ed a t\u0159\u00edd\u011bn\u00ed odpadu (ostatn\u00ed \u010di nebezpe\u010dn\u00fd odpad),<\/li>\n\n\n\n<li>A kompletn\u00ed dokumentaci v\u0161ech doklad\u016f.<\/li>\n<\/ul>\n\n\n\n<p>Chybn\u00e9 \u00fadaje mohou m\u00edt v\u00e1\u017en\u00e9 n\u00e1sledky, u\u017e z pohledu kontrol ro\u010dn\u00edch hl\u00e1\u0161en\u00ed na SOP\/ORP. Z\u00e1konn\u00e9 po\u017eadavky pro evidenci odpad\u016f jsou podrobn\u011b pops\u00e1ny v z\u00e1kon\u011b o odpadech a p\u0159\u00edslu\u0161n\u00e9 vyhl\u00e1\u0161ce.<\/p>\n\n\n\n<p>Dle evidence se ur\u010duje i povinnost pod\u00e1n\u00ed ro\u010dn\u00edho hl\u00e1\u0161en\u00ed o odpadech.<\/p>\n\n\n\n<p><strong>Vyhn\u011bte se probl\u00e9m\u016fm p\u0159i kontrol\u00e1ch \u2013 kontaktujte n\u00e1s, r\u00e1di v\u00e1m pom\u016f\u017eeme s nastaven\u00edm odpadov\u00e9ho hospod\u00e1\u0159stv\u00ed a podnikov\u00e9 ekologie.<\/strong><\/p>\n\n\n\n<p><strong>\u010cl\u00e1nky k t\u00e9matu:<\/strong><\/p>\n\n\n\n<ul class=\"wp-block-list\">\n<li><a href=\"https:\/\/www.firemniodpady.cz\/index.php\/rocni-hlaseni-o-odpadech\/\">Ro\u010dn\u00ed hl\u00e1\u0161en\u00ed o odpadech \u2013 firemniodpady.cz<\/a><\/li>\n\n\n\n<li><a href=\"https:\/\/www.firemniodpady.cz\/index.php\/evidence-odpadu-2024\/\">Evidence odpad\u016f 2024 \u2013 firemniodpady.cz<\/a><\/li>\n\n\n\n<li><a href=\"https:\/\/www.firemniodpady.cz\/index.php\/2024\/07\/12\/odpadovy-hospodar-podnikovy-ekolog\/\">Odpadov\u00fd hospod\u00e1\u0159\/ podnikov\u00fd ekolog \u2013 firemniodpady.cz<\/a><\/li>\n<\/ul>\n\n\n\n<p class=\"has-text-align-right\">Publikov\u00e1no: 2. 11. 2024, Leo\u0161 Zem\u00e1nek, specialista podnikov\u00e9 ekologie<\/p>\n","protected":false},"excerpt":{"rendered":"<p>Evidence odpad\u016f je z\u00e1kladn\u00ed povinnost\u00ed ka\u017ed\u00e9ho p\u016fvodce odpad\u016f. P\u0159esto se v praxi setk\u00e1v\u00e1me s t\u00edm, \u017ee mnoho podnikatel\u016f a firem tuto povinnost podce\u0148uje \u2013 a pr\u00e1v\u011b evidence b\u00fdv\u00e1 p\u0159i kontrol\u00e1ch prvn\u00edm po\u017eadavkem k dolo\u017een\u00ed. Pot\u0159ebujete pomoci? napi\u0161te n\u00e1m nez\u00e1vazn\u00fd dotaz! na vyridime@firemniodpady.cz nebo 774 632 003 Jak na spr\u00e1vnou evidenci odpad\u016f? Nesta\u010d\u00ed jen vytvo\u0159it tabulku [&hellip;]<\/p>\n","protected":false},"author":1,"featured_media":0,"parent":0,"menu_order":0,"comment_status":"closed","ping_status":"closed","template":"","meta":{"_monsterinsights_skip_tracking":false,"_monsterinsights_sitenote_active":false,"_monsterinsights_sitenote_note":"","_monsterinsights_sitenote_category":0,"footnotes":""},"class_list":["post-88","page","type-page","status-publish","hentry"],"_links":{"self":[{"href":"https:\/\/www.firemniodpady.cz\/index.php\/wp-json\/wp\/v2\/pages\/88"}],"collection":[{"href":"https:\/\/www.firemniodpady.cz\/index.php\/wp-json\/wp\/v2\/pages"}],"about":[{"href":"https:\/\/www.firemniodpady.cz\/index.php\/wp-json\/wp\/v2\/types\/page"}],"author":[{"embeddable":true,"href":"https:\/\/www.firemniodpady.cz\/index.php\/wp-json\/wp\/v2\/users\/1"}],"replies":[{"embeddable":true,"href":"https:\/\/www.firemniodpady.cz\/index.php\/wp-json\/wp\/v2\/comments?post=88"}],"version-history":[{"count":32,"href":"https:\/\/www.firemniodpady.cz\/index.php\/wp-json\/wp\/v2\/pages\/88\/revisions"}],"predecessor-version":[{"id":534,"href":"https:\/\/www.firemniodpady.cz\/index.php\/wp-json\/wp\/v2\/pages\/88\/revisions\/534"}],"wp:attachment":[{"href":"https:\/\/www.firemniodpady.cz\/index.php\/wp-json\/wp\/v2\/media?parent=88"}],"curies":[{"name":"wp","href":"https:\/\/api.w.org\/{rel}","templated":true}]}}