{"id":36,"date":"2021-03-10T14:28:05","date_gmt":"2021-03-10T14:28:05","guid":{"rendered":"http:\/\/www.firemniodpady.cz\/?page_id=36"},"modified":"2021-11-08T16:38:46","modified_gmt":"2021-11-08T16:38:46","slug":"nase-prace","status":"publish","type":"page","link":"https:\/\/www.firemniodpady.cz\/index.php\/nase-prace\/","title":{"rendered":"Na\u0161e pr\u00e1ce"},"content":{"rendered":"\n<p>Na\u0161e pr\u00e1ce je z\u00e1klad pro ekologii podniku. Nej\u010dast\u011bji prov\u00e1d\u00edm\u00e9 kompletn\u00ed extern\u00ed spr\u00e1vu odpadov\u00e9ho hospod\u00e1\u0159stv\u00ed \/ podnikov\u00e9 ekologie nebo jen vedeme z\u00e1kladn\u00ed evidence odpad\u016f, obal\u016f a jin\u00e9.<\/p>\n\n\n\n<ul class=\"wp-block-list\"><li>Prov\u00e1d\u00edme administraci nakl\u00e1d\u00e1n\u00ed s odpady v\u010detn\u011b kontrol provoz\u016f a pravideln\u00fdch v\u00fdstup\u016f (pr\u016fb\u011b\u017en\u00e1 evidence a ro\u010dn\u00ed hl\u00e1\u0161en\u00ed o odpadech je z\u00e1klad).<\/li><li>Prov\u00e1d\u00edme administraci obalov\u00e9ho hospod\u00e1\u0159stv\u00ed v\u010detn\u011b kontrol na provozovn\u011b (pr\u016fb\u011b\u017en\u00e1 evidence a pod\u00e1v\u00e1n\u00ed periodick\u00e9ho hl\u00e1\u0161en\u00ed).<\/li><li>Na\u0161e pr\u00e1ce m\u016f\u017ee obsahovat d\u00e1l\u0161\u00ed po\u017eadavky zhlediska \u017dP a to zejm\u00e9na ochranu vod, ovzdu\u0161\u00ed, chemick\u00e9 l\u00e1tky a sm\u011bsi nebo v\u00fdrobky s ukon\u010denou \u017eivotnost\u00ed.<\/li><li>V\u00fdpis nej\u010dast\u011bj\u0161\u00edch \u00fakona naleznete <a href=\"https:\/\/www.firemniodpady.cz\/index.php\/nase-prace-s-odpady\/\">ZDE.<\/a><\/li><\/ul>\n\n\n\n<p>M\u00e1me t\u00fdm t\u0159\u00ed ekolog\u016f, kde ka\u017ed\u00fd ekolog \/ odpadov\u00fd hospod\u00e1\u0159 zpracov\u00e1v\u00e1 ur\u010denou agendu.<\/p>\n\n\n\n<p>V roce 2020 n\u00e1m v\u011b\u0159ily spole\u010dnosti, kter\u00fdm jsme vedli 98 evidenc\u00ed a v souhrnu nakl\u00e1dali s 3846 tunami odpadu. <\/p>\n\n\n\n<p><strong>V\u00fdhody spolupr\u00e1ce?<\/strong> ur\u010dit\u011b zku\u0161enosti z kontroln\u00edch org\u00e1n\u016f st\u00e1tn\u00ed spr\u00e1vy, znalost problematiky p\u0159i stavbn\u00edch \u010dinnostech nebo v pr\u016fmyslov\u00fdch are\u00e1lech. <\/p>\n\n\n\n<p class=\"has-white-color has-vivid-red-background-color has-text-color has-background\">Zkuste n\u00e1s poptat <a href=\"mailto:vyridime@firemniodpady.cz\">vyridime@firemniodpady.cz<\/a> , r\u00e1d se s V\u00e1mi setk\u00e1m on-line nebo off-line a probereme mo\u017enou spolupr\u00e1ci. <\/p>\n\n\n\n<p><\/p>\n","protected":false},"excerpt":{"rendered":"<p>Na\u0161e pr\u00e1ce je z\u00e1klad pro ekologii podniku. Nej\u010dast\u011bji prov\u00e1d\u00edm\u00e9 kompletn\u00ed extern\u00ed spr\u00e1vu odpadov\u00e9ho hospod\u00e1\u0159stv\u00ed \/ podnikov\u00e9 ekologie nebo jen vedeme z\u00e1kladn\u00ed evidence odpad\u016f, obal\u016f a jin\u00e9. Prov\u00e1d\u00edme administraci nakl\u00e1d\u00e1n\u00ed s odpady v\u010detn\u011b kontrol provoz\u016f a pravideln\u00fdch v\u00fdstup\u016f (pr\u016fb\u011b\u017en\u00e1 evidence a ro\u010dn\u00ed hl\u00e1\u0161en\u00ed o odpadech je z\u00e1klad). Prov\u00e1d\u00edme administraci obalov\u00e9ho hospod\u00e1\u0159stv\u00ed v\u010detn\u011b kontrol na provozovn\u011b (pr\u016fb\u011b\u017en\u00e1 [&hellip;]<\/p>\n","protected":false},"author":1,"featured_media":0,"parent":0,"menu_order":0,"comment_status":"closed","ping_status":"closed","template":"","meta":{"_monsterinsights_skip_tracking":false,"_monsterinsights_sitenote_active":false,"_monsterinsights_sitenote_note":"","_monsterinsights_sitenote_category":0,"footnotes":""},"class_list":["post-36","page","type-page","status-publish","hentry"],"_links":{"self":[{"href":"https:\/\/www.firemniodpady.cz\/index.php\/wp-json\/wp\/v2\/pages\/36"}],"collection":[{"href":"https:\/\/www.firemniodpady.cz\/index.php\/wp-json\/wp\/v2\/pages"}],"about":[{"href":"https:\/\/www.firemniodpady.cz\/index.php\/wp-json\/wp\/v2\/types\/page"}],"author":[{"embeddable":true,"href":"https:\/\/www.firemniodpady.cz\/index.php\/wp-json\/wp\/v2\/users\/1"}],"replies":[{"embeddable":true,"href":"https:\/\/www.firemniodpady.cz\/index.php\/wp-json\/wp\/v2\/comments?post=36"}],"version-history":[{"count":7,"href":"https:\/\/www.firemniodpady.cz\/index.php\/wp-json\/wp\/v2\/pages\/36\/revisions"}],"predecessor-version":[{"id":325,"href":"https:\/\/www.firemniodpady.cz\/index.php\/wp-json\/wp\/v2\/pages\/36\/revisions\/325"}],"wp:attachment":[{"href":"https:\/\/www.firemniodpady.cz\/index.php\/wp-json\/wp\/v2\/media?parent=36"}],"curies":[{"name":"wp","href":"https:\/\/api.w.org\/{rel}","templated":true}]}}